{"id":333,"date":"2024-01-17T08:16:54","date_gmt":"2024-01-17T06:16:54","guid":{"rendered":"https:\/\/themagicofrotary.org\/etusivu\/"},"modified":"2024-03-11T14:09:32","modified_gmt":"2024-03-11T12:09:32","slug":"etusivu","status":"publish","type":"page","link":"https:\/\/themagicofrotary.org\/fi\/","title":{"rendered":"Etusivu"},"content":{"rendered":"<p><div class=\"fusion-fullwidth fullwidth-box fusion-builder-row-1 fusion-flex-container has-pattern-background has-mask-background fusion-parallax-none nonhundred-percent-fullwidth non-hundred-percent-height-scrolling\" style=\"--link_hover_color: var(--awb-color5);--link_color: var(--awb-color5);--awb-background-blend-mode:multiply;--awb-border-color:var(--awb-color1);--awb-border-radius-top-left:0px;--awb-border-radius-top-right:0px;--awb-border-radius-bottom-right:0px;--awb-border-radius-bottom-left:0px;--awb-padding-top:9vw;--awb-padding-bottom:0px;--awb-padding-top-small:70px;--awb-padding-right-small:40px;--awb-padding-bottom-small:0px;--awb-padding-left-small:40px;--awb-margin-bottom-medium:0px;--awb-margin-bottom-small:60px;--awb-background-color:rgba(247,168,27,0.67);--awb-background-image:url(&quot;https:\/\/themagicofrotary.org\/wp-content\/uploads\/2024\/02\/Banner2.png&quot;);--awb-background-size:cover;--awb-flex-wrap:wrap;\" ><div class=\"fusion-builder-row fusion-row fusion-flex-align-items-center fusion-flex-content-wrap\" style=\"max-width:1456px;margin-left: calc(-4% \/ 2 );margin-right: calc(-4% \/ 2 );\"><div class=\"fusion-layout-column fusion_builder_column fusion-builder-column-0 fusion_builder_column_1_1 1_1 fusion-flex-column\" style=\"--awb-padding-bottom-medium:0px;--awb-bg-size:cover;--awb-width-large:100%;--awb-margin-top-large:0px;--awb-spacing-right-large:1.92%;--awb-margin-bottom-large:85px;--awb-spacing-left-large:1.92%;--awb-width-medium:100%;--awb-order-medium:0;--awb-spacing-right-medium:1.92%;--awb-spacing-left-medium:1.92%;--awb-width-small:100%;--awb-order-small:0;--awb-spacing-right-small:1.92%;--awb-margin-bottom-small:44px;--awb-spacing-left-small:1.92%;\"><div class=\"fusion-column-wrapper fusion-column-has-shadow fusion-flex-justify-content-flex-start fusion-content-layout-column\"><div class=\"fusion-separator fusion-full-width-sep\" style=\"align-self: center;margin-left: auto;margin-right: auto;margin-top:60px;width:100%;\"><\/div><\/div><\/div><div class=\"fusion-layout-column fusion_builder_column fusion-builder-column-1 fusion_builder_column_1_1 1_1 fusion-flex-column fusion-no-small-visibility\" style=\"--awb-padding-bottom-medium:0px;--awb-bg-size:cover;--awb-width-large:100%;--awb-margin-top-large:0px;--awb-spacing-right-large:1.92%;--awb-margin-bottom-large:7.5vw;--awb-spacing-left-large:1.92%;--awb-width-medium:100%;--awb-order-medium:0;--awb-spacing-right-medium:1.92%;--awb-spacing-left-medium:1.92%;--awb-width-small:100%;--awb-order-small:1;--awb-spacing-right-small:1.92%;--awb-spacing-left-small:1.92%;\"><div class=\"fusion-column-wrapper fusion-column-has-shadow fusion-flex-justify-content-center fusion-content-layout-row\"><\/div><\/div><\/div><\/div><div class=\"fusion-fullwidth fullwidth-box fusion-builder-row-2 fusion-flex-container has-pattern-background has-mask-background nonhundred-percent-fullwidth non-hundred-percent-height-scrolling\" style=\"--awb-background-position:left top;--awb-border-sizes-top:0px;--awb-border-sizes-bottom:0px;--awb-border-sizes-left:0px;--awb-border-sizes-right:0px;--awb-border-radius-top-left:0px;--awb-border-radius-top-right:0px;--awb-border-radius-bottom-right:0px;--awb-border-radius-bottom-left:0px;--awb-padding-top:30px;--awb-padding-bottom:40px;--awb-margin-bottom-medium:0px;--awb-margin-bottom-small:0px;--awb-background-color:var(--awb-color1);--awb-flex-wrap:wrap;\" ><div class=\"fusion-builder-row fusion-row fusion-flex-align-items-stretch fusion-flex-justify-content-center fusion-flex-content-wrap\" style=\"max-width:1456px;margin-left: calc(-4% \/ 2 );margin-right: calc(-4% \/ 2 );\"><div class=\"fusion-layout-column fusion_builder_column fusion-builder-column-2 fusion_builder_column_2_3 2_3 fusion-flex-column fusion-flex-align-self-flex-start fusion-column-no-min-height\" style=\"--awb-bg-blend:overlay;--awb-bg-size:cover;--awb-width-large:66.666666666667%;--awb-margin-top-large:0px;--awb-spacing-right-large:3.84%;--awb-margin-bottom-large:40px;--awb-spacing-left-large:2.88%;--awb-width-medium:80%;--awb-spacing-right-medium:3.2%;--awb-spacing-left-medium:2.4%;--awb-width-small:100%;--awb-spacing-right-small:1.92%;--awb-spacing-left-small:1.92%;\"><div class=\"fusion-column-wrapper fusion-flex-justify-content-flex-start fusion-content-layout-column\"><div class=\"fusion-title title fusion-title-1 fusion-sep-none fusion-title-center fusion-title-text fusion-title-size-two\" style=\"--awb-text-color:var(--awb-color8);\"><h2 class=\"fusion-title-heading title-heading-center\" style=\"margin:0;\">Hei!<\/h2><\/div><div class=\"fusion-text fusion-text-1 fusion-text-no-margin\" style=\"--awb-content-alignment:center;--awb-text-color:hsla(var(--awb-color8-h),var(--awb-color8-s),var(--awb-color8-l),calc(var(--awb-color8-a) - 20%));\"><p>Hei! T\u00e4m\u00e4 on piirin 1420 kuvern\u00f6\u00f6rin henkil\u00f6kohtainen sivu 2024-2025.<\/p>\n<p>Idea sai alkunsa siit\u00e4, ett\u00e4 Rotary-aiheita on niin monia, joita minun piti tutkia ja lukea. Ja josta tein muistiinpanoja. Viel\u00e4 nyky\u00e4\u00e4nkin minulta kysyt\u00e4\u00e4n usein Rotary-asioista. Olkoon tietoni t\u00e4\u00e4ll\u00e4 yhdess\u00e4 paikassa.<\/p>\n<p>T\u00e4m\u00e4 ei ole virallinen Rotaryn sivu ja useimmat k\u00e4\u00e4nn\u00f6kset olen tehnyt itse tarvittaessa. Paljon tietoa l\u00f6ytyy Rotaryn kansainv\u00e4liselt\u00e4 sivulta (https:\/\/www.rotary.org\/en), aluesivulta (https:\/\/rotary.fi\/d1420\/) ja Viron Rotaryn verkkosivuilta (https:\/\/). rotary.ee).<\/p>\n<p>N\u00e4ill\u00e4 sivuilla on virallista ja kattavampaa tietoa. T\u00e4\u00e4ll\u00e4 pid\u00e4n ylpe\u00e4n\u00e4 rotariblogia, ilmoitan tulevista tapahtumista, selit\u00e4n k\u00e4sitteit\u00e4 ja esittelen tiimini.<\/p>\n<p>Rotary on mahtava! Yhdess\u00e4 muutamme maailmaa ja saamme Rotaryn taikuuden toimimaan.<\/p>\n<p>Rotaryn taika!<\/p>\n<\/div><\/div><\/div><div class=\"fusion-layout-column fusion_builder_column fusion-builder-column-3 fusion_builder_column_1_3 1_3 fusion-flex-column fusion-flex-align-self-flex-start fusion-column-no-min-height\" style=\"--awb-bg-blend:overlay;--awb-bg-size:cover;--awb-width-large:33.333333333333%;--awb-margin-top-large:0px;--awb-spacing-right-large:7.68%;--awb-margin-bottom-large:40px;--awb-spacing-left-large:5.76%;--awb-width-medium:80%;--awb-spacing-right-medium:3.2%;--awb-spacing-left-medium:2.4%;--awb-width-small:100%;--awb-spacing-right-small:1.92%;--awb-spacing-left-small:1.92%;\"><div class=\"fusion-column-wrapper fusion-flex-justify-content-flex-start fusion-content-layout-column\"><div class=\"fusion-image-element \" style=\"--awb-margin-top:80px;--awb-caption-title-font-family:var(--h2_typography-font-family);--awb-caption-title-font-weight:var(--h2_typography-font-weight);--awb-caption-title-font-style:var(--h2_typography-font-style);--awb-caption-title-size:var(--h2_typography-font-size);--awb-caption-title-transform:var(--h2_typography-text-transform);--awb-caption-title-line-height:var(--h2_typography-line-height);--awb-caption-title-letter-spacing:var(--h2_typography-letter-spacing);\"><span class=\" fusion-imageframe imageframe-glow imageframe-1 hover-type-none\" style=\"-webkit-box-shadow: 0 0 3px rgba(226,158,0,0.67);box-shadow: 0 0 3px rgba(226,158,0,0.67);\"><img decoding=\"async\" width=\"204\" height=\"257\" title=\"Aune Past piirkonna 1420 kuberner 2024-2025 ja RI president 2024-2025 Stephanie Urchick\" src=\"https:\/\/themagicofrotary.org\/wp-content\/uploads\/2024\/02\/Aunega.jpg\" alt class=\"img-responsive wp-image-259\" srcset=\"https:\/\/themagicofrotary.org\/wp-content\/uploads\/2024\/02\/Aunega-200x252.jpg 200w, https:\/\/themagicofrotary.org\/wp-content\/uploads\/2024\/02\/Aunega.jpg 204w\" sizes=\"(max-width: 640px) 100vw, 204px\" \/><\/span><\/div><\/div><\/div><\/div><\/div><\/p>\n","protected":false},"excerpt":{"rendered":"","protected":false},"author":2,"featured_media":0,"parent":0,"menu_order":0,"comment_status":"closed","ping_status":"closed","template":"100-width.php","meta":{"footnotes":""},"class_list":["post-333","page","type-page","status-publish","hentry"],"yoast_head":"<!-- This site is optimized with the Yoast SEO plugin v27.4 - https:\/\/yoast.com\/product\/yoast-seo-wordpress\/ -->\n<title>Etusivu - The Magic of Rotary<\/title>\n<meta name=\"robots\" content=\"index, follow, max-snippet:-1, max-image-preview:large, max-video-preview:-1\" \/>\n<link rel=\"canonical\" href=\"https:\/\/themagicofrotary.org\/fi\/\" \/>\n<meta property=\"og:locale\" content=\"fi_FI\" \/>\n<meta property=\"og:type\" content=\"article\" \/>\n<meta property=\"og:title\" content=\"Etusivu - The Magic of Rotary\" \/>\n<meta property=\"og:url\" content=\"https:\/\/themagicofrotary.org\/fi\/\" \/>\n<meta property=\"og:site_name\" content=\"The Magic of Rotary\" \/>\n<meta property=\"article:modified_time\" content=\"2024-03-11T12:09:32+00:00\" \/>\n<meta name=\"twitter:card\" content=\"summary_large_image\" \/>\n<meta name=\"twitter:label1\" content=\"Arvioitu lukuaika\" \/>\n\t<meta name=\"twitter:data1\" content=\"11 minuuttia\" \/>\n<script type=\"application\/ld+json\" class=\"yoast-schema-graph\">{\"@context\":\"https:\\\/\\\/schema.org\",\"@graph\":[{\"@type\":\"WebPage\",\"@id\":\"https:\\\/\\\/themagicofrotary.org\\\/fi\\\/\",\"url\":\"https:\\\/\\\/themagicofrotary.org\\\/fi\\\/\",\"name\":\"Etusivu - The Magic of Rotary\",\"isPartOf\":{\"@id\":\"https:\\\/\\\/themagicofrotary.org\\\/fi\\\/#website\"},\"datePublished\":\"2024-01-17T06:16:54+00:00\",\"dateModified\":\"2024-03-11T12:09:32+00:00\",\"breadcrumb\":{\"@id\":\"https:\\\/\\\/themagicofrotary.org\\\/fi\\\/#breadcrumb\"},\"inLanguage\":\"fi\",\"potentialAction\":[{\"@type\":\"ReadAction\",\"target\":[\"https:\\\/\\\/themagicofrotary.org\\\/fi\\\/\"]}]},{\"@type\":\"BreadcrumbList\",\"@id\":\"https:\\\/\\\/themagicofrotary.org\\\/fi\\\/#breadcrumb\",\"itemListElement\":[{\"@type\":\"ListItem\",\"position\":1,\"name\":\"Home\",\"item\":\"https:\\\/\\\/themagicofrotary.org\\\/fi\\\/\"},{\"@type\":\"ListItem\",\"position\":2,\"name\":\"Etusivu\"}]},{\"@type\":\"WebSite\",\"@id\":\"https:\\\/\\\/themagicofrotary.org\\\/fi\\\/#website\",\"url\":\"https:\\\/\\\/themagicofrotary.org\\\/fi\\\/\",\"name\":\"The Magic of Rotary\",\"description\":\"The Magic of Rotary\",\"publisher\":{\"@id\":\"https:\\\/\\\/themagicofrotary.org\\\/fi\\\/#organization\"},\"potentialAction\":[{\"@type\":\"SearchAction\",\"target\":{\"@type\":\"EntryPoint\",\"urlTemplate\":\"https:\\\/\\\/themagicofrotary.org\\\/fi\\\/?s={search_term_string}\"},\"query-input\":{\"@type\":\"PropertyValueSpecification\",\"valueRequired\":true,\"valueName\":\"search_term_string\"}}],\"inLanguage\":\"fi\"},{\"@type\":\"Organization\",\"@id\":\"https:\\\/\\\/themagicofrotary.org\\\/fi\\\/#organization\",\"name\":\"The Magic of Rotary\",\"url\":\"https:\\\/\\\/themagicofrotary.org\\\/fi\\\/\",\"logo\":{\"@type\":\"ImageObject\",\"inLanguage\":\"fi\",\"@id\":\"https:\\\/\\\/themagicofrotary.org\\\/fi\\\/#\\\/schema\\\/logo\\\/image\\\/\",\"url\":\"https:\\\/\\\/themagicofrotary.org\\\/wp-content\\\/uploads\\\/2024\\\/01\\\/T2425EN-Logo-RGB.png\",\"contentUrl\":\"https:\\\/\\\/themagicofrotary.org\\\/wp-content\\\/uploads\\\/2024\\\/01\\\/T2425EN-Logo-RGB.png\",\"width\":2804,\"height\":1659,\"caption\":\"The Magic of Rotary\"},\"image\":{\"@id\":\"https:\\\/\\\/themagicofrotary.org\\\/fi\\\/#\\\/schema\\\/logo\\\/image\\\/\"}}]}<\/script>\n<!-- \/ Yoast SEO plugin. -->","yoast_head_json":{"title":"Etusivu - The Magic of Rotary","robots":{"index":"index","follow":"follow","max-snippet":"max-snippet:-1","max-image-preview":"max-image-preview:large","max-video-preview":"max-video-preview:-1"},"canonical":"https:\/\/themagicofrotary.org\/fi\/","og_locale":"fi_FI","og_type":"article","og_title":"Etusivu - The Magic of Rotary","og_url":"https:\/\/themagicofrotary.org\/fi\/","og_site_name":"The Magic of Rotary","article_modified_time":"2024-03-11T12:09:32+00:00","twitter_card":"summary_large_image","twitter_misc":{"Arvioitu lukuaika":"11 minuuttia"},"schema":{"@context":"https:\/\/schema.org","@graph":[{"@type":"WebPage","@id":"https:\/\/themagicofrotary.org\/fi\/","url":"https:\/\/themagicofrotary.org\/fi\/","name":"Etusivu - The Magic of Rotary","isPartOf":{"@id":"https:\/\/themagicofrotary.org\/fi\/#website"},"datePublished":"2024-01-17T06:16:54+00:00","dateModified":"2024-03-11T12:09:32+00:00","breadcrumb":{"@id":"https:\/\/themagicofrotary.org\/fi\/#breadcrumb"},"inLanguage":"fi","potentialAction":[{"@type":"ReadAction","target":["https:\/\/themagicofrotary.org\/fi\/"]}]},{"@type":"BreadcrumbList","@id":"https:\/\/themagicofrotary.org\/fi\/#breadcrumb","itemListElement":[{"@type":"ListItem","position":1,"name":"Home","item":"https:\/\/themagicofrotary.org\/fi\/"},{"@type":"ListItem","position":2,"name":"Etusivu"}]},{"@type":"WebSite","@id":"https:\/\/themagicofrotary.org\/fi\/#website","url":"https:\/\/themagicofrotary.org\/fi\/","name":"The Magic of Rotary","description":"The Magic of Rotary","publisher":{"@id":"https:\/\/themagicofrotary.org\/fi\/#organization"},"potentialAction":[{"@type":"SearchAction","target":{"@type":"EntryPoint","urlTemplate":"https:\/\/themagicofrotary.org\/fi\/?s={search_term_string}"},"query-input":{"@type":"PropertyValueSpecification","valueRequired":true,"valueName":"search_term_string"}}],"inLanguage":"fi"},{"@type":"Organization","@id":"https:\/\/themagicofrotary.org\/fi\/#organization","name":"The Magic of Rotary","url":"https:\/\/themagicofrotary.org\/fi\/","logo":{"@type":"ImageObject","inLanguage":"fi","@id":"https:\/\/themagicofrotary.org\/fi\/#\/schema\/logo\/image\/","url":"https:\/\/themagicofrotary.org\/wp-content\/uploads\/2024\/01\/T2425EN-Logo-RGB.png","contentUrl":"https:\/\/themagicofrotary.org\/wp-content\/uploads\/2024\/01\/T2425EN-Logo-RGB.png","width":2804,"height":1659,"caption":"The Magic of Rotary"},"image":{"@id":"https:\/\/themagicofrotary.org\/fi\/#\/schema\/logo\/image\/"}}]}},"_links":{"self":[{"href":"https:\/\/themagicofrotary.org\/fi\/wp-json\/wp\/v2\/pages\/333","targetHints":{"allow":["GET"]}}],"collection":[{"href":"https:\/\/themagicofrotary.org\/fi\/wp-json\/wp\/v2\/pages"}],"about":[{"href":"https:\/\/themagicofrotary.org\/fi\/wp-json\/wp\/v2\/types\/page"}],"author":[{"embeddable":true,"href":"https:\/\/themagicofrotary.org\/fi\/wp-json\/wp\/v2\/users\/2"}],"replies":[{"embeddable":true,"href":"https:\/\/themagicofrotary.org\/fi\/wp-json\/wp\/v2\/comments?post=333"}],"version-history":[{"count":2,"href":"https:\/\/themagicofrotary.org\/fi\/wp-json\/wp\/v2\/pages\/333\/revisions"}],"predecessor-version":[{"id":335,"href":"https:\/\/themagicofrotary.org\/fi\/wp-json\/wp\/v2\/pages\/333\/revisions\/335"}],"wp:attachment":[{"href":"https:\/\/themagicofrotary.org\/fi\/wp-json\/wp\/v2\/media?parent=333"}],"curies":[{"name":"wp","href":"https:\/\/api.w.org\/{rel}","templated":true}]}}