{"id":349,"date":"2024-01-17T08:16:56","date_gmt":"2024-01-17T06:16:56","guid":{"rendered":"https:\/\/themagicofrotary.org\/blogi\/"},"modified":"2024-03-11T15:10:05","modified_gmt":"2024-03-11T13:10:05","slug":"blogi","status":"publish","type":"page","link":"https:\/\/themagicofrotary.org\/fi\/blogi\/","title":{"rendered":"Blogi"},"content":{"rendered":"<div class=\"fusion-fullwidth fullwidth-box fusion-builder-row-1 fusion-flex-container nonhundred-percent-fullwidth non-hundred-percent-height-scrolling\" style=\"--awb-border-color:var(--awb-color3);--awb-border-radius-top-left:0px;--awb-border-radius-top-right:0px;--awb-border-radius-bottom-right:0px;--awb-border-radius-bottom-left:0px;--awb-padding-top:60px;--awb-padding-bottom:60px;--awb-flex-wrap:wrap;\" ><div class=\"fusion-builder-row fusion-row fusion-flex-align-items-flex-start fusion-flex-content-wrap\" style=\"max-width:1456px;margin-left: calc(-4% \/ 2 );margin-right: calc(-4% \/ 2 );\"><div class=\"fusion-layout-column fusion_builder_column fusion-builder-column-0 fusion_builder_column_3_4 3_4 fusion-flex-column\" style=\"--awb-bg-size:cover;--awb-width-large:75%;--awb-margin-top-large:0px;--awb-spacing-right-large:5.12%;--awb-margin-bottom-large:0px;--awb-spacing-left-large:2.56%;--awb-width-medium:75%;--awb-order-medium:0;--awb-spacing-right-medium:5.12%;--awb-spacing-left-medium:2.56%;--awb-width-small:100%;--awb-order-small:0;--awb-spacing-right-small:1.92%;--awb-spacing-left-small:1.92%;\"><div class=\"fusion-column-wrapper fusion-column-has-shadow fusion-flex-justify-content-flex-start fusion-content-layout-column\"><div class=\"fusion-blog-shortcode fusion-blog-shortcode-1 fusion-blog-archive fusion-blog-layout-medium fusion-blog-pagination\"><div class=\"fusion-posts-container fusion-posts-container-pagination\" data-pages=\"1\"><article id=\"blog-1-post-352\" class=\"fusion-post-medium post-352 post type-post status-publish format-standard has-post-thumbnail hentry category-uncategorized-fi tag-eesti-rotary-klubid-fi tag-lena-mjeskaug-fi tag-people-if-action-fi tag-rotary-fi tag-tallinn-fi tag-viktor-hutt-fi\">\n\t<style type=\"text\/css\">\n\t\t\n\t\t\n\t\t\n\t\t\n\t\t\t<\/style>\n\n\n\t\t\t<div class=\"fusion-flexslider flexslider fusion-flexslider-loading fusion-post-slideshow\" style=\"\">\n\t\t<ul class=\"slides\">\n\t\t\t\n\t\t\t\t\t\t\t\t\t\t\t\t\t\t<li><div  class=\"fusion-image-wrapper fusion-image-size-fixed\" aria-haspopup=\"true\">\n\t\t\t\t\t\t\t<a href=\"https:\/\/themagicofrotary.org\/fi\/the-magic-of-rotary\/\" aria-label=\"The Magic of Rotary!\">\n\t\t\t\t\t\t\t<img decoding=\"async\" width=\"320\" height=\"202\" src=\"https:\/\/themagicofrotary.org\/wp-content\/uploads\/2024\/02\/Rotary-action-320x202.png\" class=\"attachment-blog-medium size-blog-medium wp-post-image\" alt=\"\" srcset=\"https:\/\/themagicofrotary.org\/wp-content\/uploads\/2024\/02\/Rotary-action-320x202.png 320w, https:\/\/themagicofrotary.org\/wp-content\/uploads\/2024\/02\/Rotary-action-700x441.png 700w\" sizes=\"(max-width: 320px) 100vw, 320px\" \/>\t\t\t<\/a>\n\t\t\t\t\t\t\t<\/div>\n<\/li>\n\t\t\t\n\t\t\t\n\t\t\t\t\t\t\t\t\t\t\t\t\t\t\t\t\t\t\t\t\t\t\t\t\t\t\t\t\t\t\t\t\t\t\t\t\t\t\t\t\t\t\t\t\t\t\t\t\t\t\t\t\t\t\t\t\t\t\t\t\t\t\t\t\t\t\t\t<\/ul>\n\t<\/div>\n\t<div class=\"fusion-post-content post-content\"><h2 class=\"blog-shortcode-post-title entry-title\"><a href=\"https:\/\/themagicofrotary.org\/fi\/the-magic-of-rotary\/\">The Magic of Rotary!<\/a><\/h2><div class=\"fusion-post-content-container\"><p>Heipa! The Magic of Rotary Rotary ei pyyd\u00e4 resursseja, vaan suunnittelee teht\u00e4v\u00e4n k\u00e4ytt\u00e4\u00e4 resurssejaan yhteiskunnan palvelemiseen. Vuonna 1921 Rotary otti yhdeksi tavoitteekseen: edist\u00e4\u00e4 kansainv\u00e4list\u00e4 yhteisymm\u00e4rryst\u00e4, hyv\u00e4\u00e4 tahtoa ja rauhaa. Rotary vuonna 2024-2025 Rotaryn painopistealueita ovat rauhanrakentaminen ja konfliktien ehk\u00e4isy sek\u00e4 terveys, mukaan lukien mielenterveystoiminta, jotka ovat kriittisi\u00e4 my\u00f6s piirille 1420. Rotary on ollut eritt\u00e4in t\u00e4rke\u00e4 voima [...]<\/p><\/div><\/div><div class=\"fusion-clearfix\"><\/div><div class=\"fusion-meta-info\"><div class=\"fusion-alignleft\"><span class=\"vcard\" style=\"display: none;\"><span class=\"fn\"><a href=\"https:\/\/themagicofrotary.org\/fi\/author\/raineendra\/\" title=\"Kirjoittanut: Rain\" rel=\"author\">Rain<\/a><\/span><\/span><span class=\"updated\" style=\"display:none;\">2024-02-26T10:43:33+02:00<\/span><span>26. helmi 2024<\/span><span class=\"fusion-inline-sep\">|<\/span>Categories: <a href=\"https:\/\/themagicofrotary.org\/fi\/category\/uncategorized-fi\/\" rel=\"category tag\">Uutiset<\/a><span class=\"fusion-inline-sep\">|<\/span><span class=\"meta-tags\">Tags: <a href=\"https:\/\/themagicofrotary.org\/fi\/tag\/eesti-rotary-klubid-fi\/\" rel=\"tag\">Eesti Rotary klubid<\/a>, <a href=\"https:\/\/themagicofrotary.org\/fi\/tag\/lena-mjeskaug-fi\/\" rel=\"tag\">Lena Mjeskaug<\/a>, <a href=\"https:\/\/themagicofrotary.org\/fi\/tag\/people-if-action-fi\/\" rel=\"tag\">People if Action<\/a>, <a href=\"https:\/\/themagicofrotary.org\/fi\/tag\/rotary-fi\/\" rel=\"tag\">rotary<\/a>, <a href=\"https:\/\/themagicofrotary.org\/fi\/tag\/tallinn-fi\/\" rel=\"tag\">Tallinn<\/a>, <a href=\"https:\/\/themagicofrotary.org\/fi\/tag\/viktor-hutt-fi\/\" rel=\"tag\">Viktor H\u00fctt<\/a><\/span><span class=\"fusion-inline-sep\">|<\/span><\/div><\/div><\/article>\n<\/div><\/div><\/div><\/div><div class=\"fusion-layout-column fusion_builder_column fusion-builder-column-1 fusion_builder_column_1_4 1_4 fusion-flex-column\" style=\"--awb-padding-left:5px;--awb-bg-size:cover;--awb-width-large:25%;--awb-margin-top-large:0px;--awb-spacing-right-large:7.68%;--awb-margin-bottom-large:20px;--awb-spacing-left-large:7.68%;--awb-width-medium:25%;--awb-order-medium:0;--awb-spacing-right-medium:7.68%;--awb-spacing-left-medium:7.68%;--awb-width-small:100%;--awb-order-small:0;--awb-spacing-right-small:1.92%;--awb-spacing-left-small:1.92%;\"><div class=\"fusion-column-wrapper fusion-column-has-shadow fusion-flex-justify-content-flex-start fusion-content-layout-column\"><div class=\"fusion-widget-area awb-widget-area-element fusion-widget-area-1 fusion-content-widget-area\" style=\"--awb-title-size:30px;--awb-title-color:var(--awb-color8);--awb-padding:0px 0px 0px 0px;\"><section id=\"search-2\" class=\"widget widget_search\" style=\"border-style: solid;border-color:transparent;border-width:0px;\"><div class=\"heading\"><h4 class=\"widget-title\">Search<\/h4><\/div>\t\t<form role=\"search\" class=\"searchform fusion-search-form  fusion-search-form-clean\" method=\"get\" action=\"https:\/\/themagicofrotary.org\/fi\/\">\n\t\t\t<div class=\"fusion-search-form-content\">\n\n\t\t\t\t\n\t\t\t\t<div class=\"fusion-search-field search-field\">\n\t\t\t\t\t<label><span class=\"screen-reader-text\">Search for:<\/span>\n\t\t\t\t\t\t\t\t\t\t\t\t\t<input type=\"search\" value=\"\" name=\"s\" class=\"s\" placeholder=\"Search...\" required aria-required=\"true\" aria-label=\"Search...\"\/>\n\t\t\t\t\t\t\t\t\t\t\t<\/label>\n\t\t\t\t<\/div>\n\t\t\t\t<div class=\"fusion-search-button search-button\">\n\t\t\t\t\t<input type=\"submit\" class=\"fusion-search-submit searchsubmit\" aria-label=\"Search\" value=\"&#xf002;\" \/>\n\t\t\t\t\t\t\t\t\t<\/div>\n\n\t\t\t\t\n\t\t\t<\/div>\n\n\n\t\t\t\n\t\t<\/form>\n\t\t<\/section><section id=\"st_latest_posts_widget-3\" class=\"widget widget_st_latest_posts_widget\" style=\"border-style: solid;border-color:transparent;border-width:0px;\"><div class=\"heading\"><h4 class=\"widget-title\">V\u00e4rsked <\/h4><\/div><div class=\"sp-latest-posts-widget latest-posts\"><div class=\"media\"><div class=\"pull-left\"><a href=\"https:\/\/themagicofrotary.org\/fi\/the-magic-of-rotary\/\"><img decoding=\"async\" width=\"64\" height=\"64\" src=\"https:\/\/themagicofrotary.org\/wp-content\/uploads\/2024\/02\/Rotary-action-64x64.png\" class=\"img-responsive wp-post-image\" alt=\"\" srcset=\"https:\/\/themagicofrotary.org\/wp-content\/uploads\/2024\/02\/Rotary-action-64x64.png 64w, https:\/\/themagicofrotary.org\/wp-content\/uploads\/2024\/02\/Rotary-action-66x66.png 66w, https:\/\/themagicofrotary.org\/wp-content\/uploads\/2024\/02\/Rotary-action-150x150.png 150w\" sizes=\"(max-width: 64px) 100vw, 64px\" \/><\/a><\/div><div class=\"media-body\"><h3 class=\"entry-title\"><a href=\"https:\/\/themagicofrotary.org\/fi\/the-magic-of-rotary\/\">The Magic of Rotary!<\/a><\/h3><div class=\"entry-meta small\"><span class=\"st-lp-time\">10:43<\/span> <span clss=\"st-lp-date\">26 helmi 2024<\/span><\/div><\/div><\/div><\/div><\/section><section id=\"tag_cloud-2\" class=\"widget widget_tag_cloud\" style=\"border-style: solid;border-color:transparent;border-width:0px;\"><div class=\"heading\"><h4 class=\"widget-title\">Avainsanat<\/h4><\/div><div class=\"tagcloud\"><a href=\"https:\/\/themagicofrotary.org\/fi\/tag\/dg-fi\/\" class=\"tag-cloud-link tag-link-69 tag-link-position-1\" aria-label=\"DG (1 kohde)\">DG<\/a>\n<a href=\"https:\/\/themagicofrotary.org\/fi\/tag\/dge-fi\/\" class=\"tag-cloud-link tag-link-71 tag-link-position-2\" aria-label=\"DGE (1 kohde)\">DGE<\/a>\n<a href=\"https:\/\/themagicofrotary.org\/fi\/tag\/dgn-fi\/\" class=\"tag-cloud-link tag-link-70 tag-link-position-3\" aria-label=\"DGN (1 kohde)\">DGN<\/a>\n<a href=\"https:\/\/themagicofrotary.org\/fi\/tag\/eesti-rotary-klubid-fi\/\" class=\"tag-cloud-link tag-link-65 tag-link-position-4\" aria-label=\"Eesti Rotary klubid (1 kohde)\">Eesti Rotary klubid<\/a>\n<a href=\"https:\/\/themagicofrotary.org\/fi\/tag\/kuvernoori\/\" class=\"tag-cloud-link tag-link-72 tag-link-position-5\" aria-label=\"Kuvern\u00f6\u00f6ri (1 kohde)\">Kuvern\u00f6\u00f6ri<\/a>\n<a href=\"https:\/\/themagicofrotary.org\/fi\/tag\/lena-mjeskaug-fi\/\" class=\"tag-cloud-link tag-link-63 tag-link-position-6\" aria-label=\"Lena Mjeskaug (1 kohde)\">Lena Mjeskaug<\/a>\n<a href=\"https:\/\/themagicofrotary.org\/fi\/tag\/people-if-action-fi\/\" class=\"tag-cloud-link tag-link-62 tag-link-position-7\" aria-label=\"People if Action (1 kohde)\">People if Action<\/a>\n<a href=\"https:\/\/themagicofrotary.org\/fi\/tag\/piirikomiteat\/\" class=\"tag-cloud-link tag-link-67 tag-link-position-8\" aria-label=\"Piirikomiteat (1 kohde)\">Piirikomiteat<\/a>\n<a href=\"https:\/\/themagicofrotary.org\/fi\/tag\/piirineuvosto\/\" class=\"tag-cloud-link tag-link-68 tag-link-position-9\" aria-label=\"Piirineuvosto (1 kohde)\">Piirineuvosto<\/a>\n<a href=\"https:\/\/themagicofrotary.org\/fi\/tag\/rotary-fi\/\" class=\"tag-cloud-link tag-link-61 tag-link-position-10\" aria-label=\"rotary (1 kohde)\">rotary<\/a>\n<a href=\"https:\/\/themagicofrotary.org\/fi\/tag\/rotary-fondi-komitea\/\" class=\"tag-cloud-link tag-link-74 tag-link-position-11\" aria-label=\"Rotary Fondi komitea (1 kohde)\">Rotary Fondi komitea<\/a>\n<a href=\"https:\/\/themagicofrotary.org\/fi\/tag\/rotaryn-saatio\/\" class=\"tag-cloud-link tag-link-73 tag-link-position-12\" aria-label=\"Rotaryn s\u00e4\u00e4ti\u00f6 (1 kohde)\">Rotaryn s\u00e4\u00e4ti\u00f6<\/a>\n<a href=\"https:\/\/themagicofrotary.org\/fi\/tag\/rotaryn-tehtava\/\" class=\"tag-cloud-link tag-link-75 tag-link-position-13\" aria-label=\"Rotaryn tehta\u0308va\u0308 (1 kohde)\">Rotaryn tehta\u0308va\u0308<\/a>\n<a href=\"https:\/\/themagicofrotary.org\/fi\/tag\/tallinn-fi\/\" class=\"tag-cloud-link tag-link-66 tag-link-position-14\" aria-label=\"Tallinn (1 kohde)\">Tallinn<\/a>\n<a href=\"https:\/\/themagicofrotary.org\/fi\/tag\/tehtava\/\" class=\"tag-cloud-link tag-link-76 tag-link-position-15\" aria-label=\"Tehta\u0308va\u0308 (1 kohde)\">Tehta\u0308va\u0308<\/a>\n<a href=\"https:\/\/themagicofrotary.org\/fi\/tag\/viktor-hutt-fi\/\" class=\"tag-cloud-link tag-link-64 tag-link-position-16\" aria-label=\"Viktor H\u00fctt (1 kohde)\">Viktor H\u00fctt<\/a><\/div>\n<\/section><div class=\"fusion-additional-widget-content\"><\/div><\/div><\/div><\/div><\/div><\/div>\n","protected":false},"excerpt":{"rendered":"","protected":false},"author":2,"featured_media":0,"parent":0,"menu_order":0,"comment_status":"closed","ping_status":"closed","template":"100-width.php","meta":{"footnotes":""},"class_list":["post-349","page","type-page","status-publish","hentry"],"yoast_head":"<!-- This site is optimized with the Yoast SEO plugin v27.5 - https:\/\/yoast.com\/product\/yoast-seo-wordpress\/ -->\n<title>Blogi - The Magic of Rotary<\/title>\n<meta name=\"robots\" content=\"index, follow, max-snippet:-1, max-image-preview:large, max-video-preview:-1\" \/>\n<link rel=\"canonical\" href=\"https:\/\/themagicofrotary.org\/fi\/blogi\/\" \/>\n<meta property=\"og:locale\" content=\"fi_FI\" \/>\n<meta property=\"og:type\" content=\"article\" \/>\n<meta property=\"og:title\" content=\"Blogi - The Magic of Rotary\" \/>\n<meta property=\"og:url\" content=\"https:\/\/themagicofrotary.org\/fi\/blogi\/\" \/>\n<meta property=\"og:site_name\" content=\"The Magic of Rotary\" \/>\n<meta property=\"article:modified_time\" content=\"2024-03-11T13:10:05+00:00\" \/>\n<meta name=\"twitter:card\" content=\"summary_large_image\" \/>\n<meta name=\"twitter:label1\" content=\"Arvioitu lukuaika\" \/>\n\t<meta name=\"twitter:data1\" content=\"4 minuuttia\" \/>\n<script type=\"application\/ld+json\" class=\"yoast-schema-graph\">{\"@context\":\"https:\\\/\\\/schema.org\",\"@graph\":[{\"@type\":\"WebPage\",\"@id\":\"https:\\\/\\\/themagicofrotary.org\\\/fi\\\/blogi\\\/\",\"url\":\"https:\\\/\\\/themagicofrotary.org\\\/fi\\\/blogi\\\/\",\"name\":\"Blogi - The Magic of Rotary\",\"isPartOf\":{\"@id\":\"https:\\\/\\\/themagicofrotary.org\\\/fi\\\/#website\"},\"datePublished\":\"2024-01-17T06:16:56+00:00\",\"dateModified\":\"2024-03-11T13:10:05+00:00\",\"breadcrumb\":{\"@id\":\"https:\\\/\\\/themagicofrotary.org\\\/fi\\\/blogi\\\/#breadcrumb\"},\"inLanguage\":\"fi\",\"potentialAction\":[{\"@type\":\"ReadAction\",\"target\":[\"https:\\\/\\\/themagicofrotary.org\\\/fi\\\/blogi\\\/\"]}]},{\"@type\":\"BreadcrumbList\",\"@id\":\"https:\\\/\\\/themagicofrotary.org\\\/fi\\\/blogi\\\/#breadcrumb\",\"itemListElement\":[{\"@type\":\"ListItem\",\"position\":1,\"name\":\"Home\",\"item\":\"https:\\\/\\\/themagicofrotary.org\\\/fi\\\/\"},{\"@type\":\"ListItem\",\"position\":2,\"name\":\"Blogi\"}]},{\"@type\":\"WebSite\",\"@id\":\"https:\\\/\\\/themagicofrotary.org\\\/fi\\\/#website\",\"url\":\"https:\\\/\\\/themagicofrotary.org\\\/fi\\\/\",\"name\":\"The Magic of Rotary\",\"description\":\"The Magic of Rotary\",\"publisher\":{\"@id\":\"https:\\\/\\\/themagicofrotary.org\\\/fi\\\/#organization\"},\"potentialAction\":[{\"@type\":\"SearchAction\",\"target\":{\"@type\":\"EntryPoint\",\"urlTemplate\":\"https:\\\/\\\/themagicofrotary.org\\\/fi\\\/?s={search_term_string}\"},\"query-input\":{\"@type\":\"PropertyValueSpecification\",\"valueRequired\":true,\"valueName\":\"search_term_string\"}}],\"inLanguage\":\"fi\"},{\"@type\":\"Organization\",\"@id\":\"https:\\\/\\\/themagicofrotary.org\\\/fi\\\/#organization\",\"name\":\"The Magic of Rotary\",\"url\":\"https:\\\/\\\/themagicofrotary.org\\\/fi\\\/\",\"logo\":{\"@type\":\"ImageObject\",\"inLanguage\":\"fi\",\"@id\":\"https:\\\/\\\/themagicofrotary.org\\\/fi\\\/#\\\/schema\\\/logo\\\/image\\\/\",\"url\":\"https:\\\/\\\/themagicofrotary.org\\\/wp-content\\\/uploads\\\/2024\\\/01\\\/T2425EN-Logo-RGB.png\",\"contentUrl\":\"https:\\\/\\\/themagicofrotary.org\\\/wp-content\\\/uploads\\\/2024\\\/01\\\/T2425EN-Logo-RGB.png\",\"width\":2804,\"height\":1659,\"caption\":\"The Magic of Rotary\"},\"image\":{\"@id\":\"https:\\\/\\\/themagicofrotary.org\\\/fi\\\/#\\\/schema\\\/logo\\\/image\\\/\"}}]}<\/script>\n<!-- \/ Yoast SEO plugin. -->","yoast_head_json":{"title":"Blogi - The Magic of Rotary","robots":{"index":"index","follow":"follow","max-snippet":"max-snippet:-1","max-image-preview":"max-image-preview:large","max-video-preview":"max-video-preview:-1"},"canonical":"https:\/\/themagicofrotary.org\/fi\/blogi\/","og_locale":"fi_FI","og_type":"article","og_title":"Blogi - The Magic of Rotary","og_url":"https:\/\/themagicofrotary.org\/fi\/blogi\/","og_site_name":"The Magic of Rotary","article_modified_time":"2024-03-11T13:10:05+00:00","twitter_card":"summary_large_image","twitter_misc":{"Arvioitu lukuaika":"4 minuuttia"},"schema":{"@context":"https:\/\/schema.org","@graph":[{"@type":"WebPage","@id":"https:\/\/themagicofrotary.org\/fi\/blogi\/","url":"https:\/\/themagicofrotary.org\/fi\/blogi\/","name":"Blogi - The Magic of Rotary","isPartOf":{"@id":"https:\/\/themagicofrotary.org\/fi\/#website"},"datePublished":"2024-01-17T06:16:56+00:00","dateModified":"2024-03-11T13:10:05+00:00","breadcrumb":{"@id":"https:\/\/themagicofrotary.org\/fi\/blogi\/#breadcrumb"},"inLanguage":"fi","potentialAction":[{"@type":"ReadAction","target":["https:\/\/themagicofrotary.org\/fi\/blogi\/"]}]},{"@type":"BreadcrumbList","@id":"https:\/\/themagicofrotary.org\/fi\/blogi\/#breadcrumb","itemListElement":[{"@type":"ListItem","position":1,"name":"Home","item":"https:\/\/themagicofrotary.org\/fi\/"},{"@type":"ListItem","position":2,"name":"Blogi"}]},{"@type":"WebSite","@id":"https:\/\/themagicofrotary.org\/fi\/#website","url":"https:\/\/themagicofrotary.org\/fi\/","name":"The Magic of Rotary","description":"The Magic of Rotary","publisher":{"@id":"https:\/\/themagicofrotary.org\/fi\/#organization"},"potentialAction":[{"@type":"SearchAction","target":{"@type":"EntryPoint","urlTemplate":"https:\/\/themagicofrotary.org\/fi\/?s={search_term_string}"},"query-input":{"@type":"PropertyValueSpecification","valueRequired":true,"valueName":"search_term_string"}}],"inLanguage":"fi"},{"@type":"Organization","@id":"https:\/\/themagicofrotary.org\/fi\/#organization","name":"The Magic of Rotary","url":"https:\/\/themagicofrotary.org\/fi\/","logo":{"@type":"ImageObject","inLanguage":"fi","@id":"https:\/\/themagicofrotary.org\/fi\/#\/schema\/logo\/image\/","url":"https:\/\/themagicofrotary.org\/wp-content\/uploads\/2024\/01\/T2425EN-Logo-RGB.png","contentUrl":"https:\/\/themagicofrotary.org\/wp-content\/uploads\/2024\/01\/T2425EN-Logo-RGB.png","width":2804,"height":1659,"caption":"The Magic of Rotary"},"image":{"@id":"https:\/\/themagicofrotary.org\/fi\/#\/schema\/logo\/image\/"}}]}},"_links":{"self":[{"href":"https:\/\/themagicofrotary.org\/fi\/wp-json\/wp\/v2\/pages\/349","targetHints":{"allow":["GET"]}}],"collection":[{"href":"https:\/\/themagicofrotary.org\/fi\/wp-json\/wp\/v2\/pages"}],"about":[{"href":"https:\/\/themagicofrotary.org\/fi\/wp-json\/wp\/v2\/types\/page"}],"author":[{"embeddable":true,"href":"https:\/\/themagicofrotary.org\/fi\/wp-json\/wp\/v2\/users\/2"}],"replies":[{"embeddable":true,"href":"https:\/\/themagicofrotary.org\/fi\/wp-json\/wp\/v2\/comments?post=349"}],"version-history":[{"count":3,"href":"https:\/\/themagicofrotary.org\/fi\/wp-json\/wp\/v2\/pages\/349\/revisions"}],"predecessor-version":[{"id":371,"href":"https:\/\/themagicofrotary.org\/fi\/wp-json\/wp\/v2\/pages\/349\/revisions\/371"}],"wp:attachment":[{"href":"https:\/\/themagicofrotary.org\/fi\/wp-json\/wp\/v2\/media?parent=349"}],"curies":[{"name":"wp","href":"https:\/\/api.w.org\/{rel}","templated":true}]}}